{"id":50,"date":"2023-02-26T11:49:18","date_gmt":"2023-02-26T09:49:18","guid":{"rendered":"http:\/\/www.mn-trans.at\/?page_id=50"},"modified":"2023-02-26T11:59:19","modified_gmt":"2023-02-26T09:59:19","slug":"home","status":"publish","type":"page","link":"https:\/\/www.mn-trans.at\/","title":{"rendered":"Manfred Nussbaumer Transporte"},"content":{"rendered":"\n\n\t\t\t\t<img loading=\"lazy\" decoding=\"async\" src=\"http:\/\/www.mn-trans.at\/wp-content\/uploads\/background-2.png\" alt=\"background\" itemprop=\"image\" height=\"510\" width=\"900\" title=\"background\" onerror=\"this.style.display='none'\"  \/>\n\t<p>Manfred Nu\u00dfbaumer Nest 147 6952 Sibratsgf\u00e4ll \u00d6sterreichTel: +43 (0) 664 2326875 Email: info@mn-trans.at<\/p>\n\n","protected":false},"excerpt":{"rendered":"<p>Manfred Nu\u00dfbaumer Nest 147 6952 Sibratsgf\u00e4ll \u00d6sterreichTel: +43 (0) 664 2326875 Email: info@mn-trans.at<\/p>\n","protected":false},"author":1,"featured_media":0,"parent":0,"menu_order":0,"comment_status":"closed","ping_status":"closed","template":"template-full-width.php","meta":{"footnotes":""},"_links":{"self":[{"href":"https:\/\/www.mn-trans.at\/index.php?rest_route=\/wp\/v2\/pages\/50"}],"collection":[{"href":"https:\/\/www.mn-trans.at\/index.php?rest_route=\/wp\/v2\/pages"}],"about":[{"href":"https:\/\/www.mn-trans.at\/index.php?rest_route=\/wp\/v2\/types\/page"}],"author":[{"embeddable":true,"href":"https:\/\/www.mn-trans.at\/index.php?rest_route=\/wp\/v2\/users\/1"}],"replies":[{"embeddable":true,"href":"https:\/\/www.mn-trans.at\/index.php?rest_route=%2Fwp%2Fv2%2Fcomments&post=50"}],"version-history":[{"count":7,"href":"https:\/\/www.mn-trans.at\/index.php?rest_route=\/wp\/v2\/pages\/50\/revisions"}],"predecessor-version":[{"id":59,"href":"https:\/\/www.mn-trans.at\/index.php?rest_route=\/wp\/v2\/pages\/50\/revisions\/59"}],"wp:attachment":[{"href":"https:\/\/www.mn-trans.at\/index.php?rest_route=%2Fwp%2Fv2%2Fmedia&parent=50"}],"curies":[{"name":"wp","href":"https:\/\/api.w.org\/{rel}","templated":true}]}}